{"id":2,"date":"2026-01-28T09:42:46","date_gmt":"2026-01-28T09:42:46","guid":{"rendered":"https:\/\/metrosupermercat.rkinformatika.online\/?page_id=2"},"modified":"2026-02-05T23:47:01","modified_gmt":"2026-02-05T23:47:01","slug":"inicio","status":"publish","type":"page","link":"https:\/\/metrosupermercat.com\/ca\/","title":{"rendered":"Inici"},"content":{"rendered":"<div data-elementor-type=\"wp-page\" data-elementor-id=\"2\" class=\"elementor elementor-2\" data-elementor-post-type=\"page\">\n\t\t\t\t<div class=\"elementor-element elementor-element-222d30a e-flex e-con-boxed e-con e-parent\" data-id=\"222d30a\" data-element_type=\"container\" data-e-type=\"container\" data-settings=\"{&quot;background_background&quot;:&quot;classic&quot;}\">\n\t\t\t\t\t<div class=\"e-con-inner\">\n\t\t\t\t<div class=\"elementor-element elementor-element-dfee4ab elementor-widget elementor-widget-heading\" data-id=\"dfee4ab\" data-element_type=\"widget\" data-e-type=\"widget\" data-widget_type=\"heading.default\">\n\t\t\t\t\t<h2 class=\"elementor-heading-title elementor-size-default\">Metro Supermercat<\/h2>\t\t\t\t<\/div>\n\t\t\t\t\t<\/div>\n\t\t\t\t<\/div>\n\t\t<div class=\"elementor-element elementor-element-3d29475 e-flex e-con-boxed e-con e-parent\" data-id=\"3d29475\" data-element_type=\"container\" data-e-type=\"container\" data-settings=\"{&quot;background_background&quot;:&quot;classic&quot;}\">\n\t\t\t\t\t<div class=\"e-con-inner\">\n\t\t<div class=\"elementor-element elementor-element-92d8a24 e-con-full e-flex e-con e-child\" data-id=\"92d8a24\" data-element_type=\"container\" data-e-type=\"container\">\n\t\t\t\t<div class=\"elementor-element elementor-element-559c7ff elementor-widget elementor-widget-heading\" data-id=\"559c7ff\" data-element_type=\"widget\" data-e-type=\"widget\" data-widget_type=\"heading.default\">\n\t\t\t\t\t<h2 class=\"elementor-heading-title elementor-size-default\">Sobre nosaltres<\/h2>\t\t\t\t<\/div>\n\t\t\t\t<div class=\"elementor-element elementor-element-8ad7812 elementor-widget elementor-widget-text-editor\" data-id=\"8ad7812\" data-element_type=\"widget\" data-e-type=\"widget\" data-widget_type=\"text-editor.default\">\n\t\t\t\t\t\t\t\t\t<p data-start=\"232\" data-end=\"544\">A Metro Supercat fa m\u00e9s de 3 anys que oferim a la nostra comunitat una \u00e0mplia varietat de productes d'alimentaci\u00f3 i fruites fresques. Des de snacks dol\u00e7os i salats fins a begudes refrescants, tenim tot el que necessites per gaudir dels teus desitjos i satisfer la teva gana en qualsevol moment.<\/p><p data-start=\"546\" data-end=\"826\">Ens apassiona brindar productes de qualitat i un servei proper, assegurant-nos que cada visita al nostre negoci sigui una experi\u00e8ncia agradable i deliciosa. Gr\u00e0cies a la confian\u00e7a dels nostres clients, seguim creixent i oferint sempre el millor en alimentaci\u00f3 i fruites.<\/p>\t\t\t\t\t\t\t\t<\/div>\n\t\t\t\t<\/div>\n\t\t<div class=\"elementor-element elementor-element-0f5202d e-con-full e-flex e-con e-child\" data-id=\"0f5202d\" data-element_type=\"container\" data-e-type=\"container\">\n\t\t\t\t<div class=\"elementor-element elementor-element-7a0b360 elementor-widget elementor-widget-image\" data-id=\"7a0b360\" data-element_type=\"widget\" data-e-type=\"widget\" data-widget_type=\"image.default\">\n\t\t\t\t\t\t\t\t\t\t\t\t\t\t\t<img fetchpriority=\"high\" decoding=\"async\" width=\"800\" height=\"533\" src=\"https:\/\/metrosupermercat.com\/wp-content\/uploads\/2026\/01\/2149002409-1024x682.jpg\" class=\"attachment-large size-large wp-image-230\" alt=\"\" srcset=\"https:\/\/metrosupermercat.com\/wp-content\/uploads\/2026\/01\/2149002409-1024x682.jpg 1024w, https:\/\/metrosupermercat.com\/wp-content\/uploads\/2026\/01\/2149002409-300x200.jpg 300w, https:\/\/metrosupermercat.com\/wp-content\/uploads\/2026\/01\/2149002409-768x512.jpg 768w, https:\/\/metrosupermercat.com\/wp-content\/uploads\/2026\/01\/2149002409-1536x1024.jpg 1536w, https:\/\/metrosupermercat.com\/wp-content\/uploads\/2026\/01\/2149002409-18x12.jpg 18w, https:\/\/metrosupermercat.com\/wp-content\/uploads\/2026\/01\/2149002409.jpg 2000w\" sizes=\"(max-width: 800px) 100vw, 800px\" \/>\t\t\t\t\t\t\t\t\t\t\t\t\t\t\t<\/div>\n\t\t\t\t<\/div>\n\t\t\t\t\t<\/div>\n\t\t\t\t<\/div>\n\t\t<div class=\"elementor-element elementor-element-db5c5ab e-flex e-con-boxed e-con e-parent\" data-id=\"db5c5ab\" data-element_type=\"container\" data-e-type=\"container\">\n\t\t\t\t\t<div class=\"e-con-inner\">\n\t\t\t\t\t<\/div>\n\t\t\t\t<\/div>\n\t\t<div class=\"elementor-element elementor-element-7c1bf0a e-flex e-con-boxed e-con e-parent\" data-id=\"7c1bf0a\" data-element_type=\"container\" data-e-type=\"container\" data-settings=\"{&quot;background_background&quot;:&quot;classic&quot;}\">\n\t\t\t\t\t<div class=\"e-con-inner\">\n\t\t\t\t<div class=\"elementor-element elementor-element-36b6176 elementor-widget elementor-widget-heading\" data-id=\"36b6176\" data-element_type=\"widget\" data-e-type=\"widget\" data-widget_type=\"heading.default\">\n\t\t\t\t\t<h2 class=\"elementor-heading-title elementor-size-default\">Porta el millor de la nostra botiga a taula<\/h2>\t\t\t\t<\/div>\n\t\t\t\t<div class=\"elementor-element elementor-element-765ec44 elementor-align-center elementor-widget elementor-widget-button\" data-id=\"765ec44\" data-element_type=\"widget\" data-e-type=\"widget\" data-widget_type=\"button.default\">\n\t\t\t\t\t\t\t\t\t\t<a class=\"elementor-button elementor-button-link elementor-size-sm\" href=\"\/ca\/productos\/\">\n\t\t\t\t\t\t<span class=\"elementor-button-content-wrapper\">\n\t\t\t\t\t\t\t\t\t<span class=\"elementor-button-text\">Veure productes<\/span>\n\t\t\t\t\t<\/span>\n\t\t\t\t\t<\/a>\n\t\t\t\t\t\t\t\t<\/div>\n\t\t\t\t\t<\/div>\n\t\t\t\t<\/div>\n\t\t\t\t<\/div>","protected":false},"excerpt":{"rendered":"<p>Metro Supermercat Sobre nosotros En Metro Supercat llevamos m\u00e1s de 3 a\u00f1os ofreciendo a nuestra comunidad una amplia variedad de productos de alimentaci\u00f3n y frutas frescas. Desde snacks dulces y salados hasta bebidas refrescantes, tenemos todo lo que necesitas para disfrutar de tus antojos y satisfacer tu apetito en cualquier momento. Nos apasiona brindar productos [&hellip;]<\/p>\n","protected":false},"author":1,"featured_media":0,"parent":0,"menu_order":0,"comment_status":"closed","ping_status":"closed","template":"elementor_canvas","meta":{"footnotes":""},"class_list":["post-2","page","type-page","status-publish","hentry"],"yoast_head":"<!-- This site is optimized with the Yoast SEO plugin v27.4 - https:\/\/yoast.com\/product\/yoast-seo-wordpress\/ -->\n<title>Inicio - Metro Supercat<\/title>\n<meta name=\"robots\" content=\"index, follow, max-snippet:-1, max-image-preview:large, max-video-preview:-1\" \/>\n<link rel=\"canonical\" href=\"https:\/\/metrosupermercat.com\/ca\/\" \/>\n<meta property=\"og:locale\" content=\"ca_ES\" \/>\n<meta property=\"og:type\" content=\"article\" \/>\n<meta property=\"og:title\" content=\"Inicio - Metro Supercat\" \/>\n<meta property=\"og:description\" content=\"Metro Supermercat Sobre nosotros En Metro Supercat llevamos m\u00e1s de 3 a\u00f1os ofreciendo a nuestra comunidad una amplia variedad de productos de alimentaci\u00f3n y frutas frescas. Desde snacks dulces y salados hasta bebidas refrescantes, tenemos todo lo que necesitas para disfrutar de tus antojos y satisfacer tu apetito en cualquier momento. Nos apasiona brindar productos [&hellip;]\" \/>\n<meta property=\"og:url\" content=\"https:\/\/metrosupermercat.com\/ca\/\" \/>\n<meta property=\"og:site_name\" content=\"Metro Supercat\" \/>\n<meta property=\"article:modified_time\" content=\"2026-02-05T23:47:01+00:00\" \/>\n<meta property=\"og:image\" content=\"https:\/\/metrosupermercat.com\/wp-content\/uploads\/2026\/01\/2149002409.jpg\" \/>\n\t<meta property=\"og:image:width\" content=\"2000\" \/>\n\t<meta property=\"og:image:height\" content=\"1333\" \/>\n\t<meta property=\"og:image:type\" content=\"image\/jpeg\" \/>\n<meta name=\"twitter:card\" content=\"summary_large_image\" \/>\n<meta name=\"twitter:label1\" content=\"Temps estimat de lectura\" \/>\n\t<meta name=\"twitter:data1\" content=\"1 minut\" \/>\n<script type=\"application\/ld+json\" class=\"yoast-schema-graph\">{\"@context\":\"https:\\\/\\\/schema.org\",\"@graph\":[{\"@type\":\"WebPage\",\"@id\":\"https:\\\/\\\/metrosupermercat.com\\\/\",\"url\":\"https:\\\/\\\/metrosupermercat.com\\\/\",\"name\":\"Inicio - Metro Supercat\",\"isPartOf\":{\"@id\":\"https:\\\/\\\/metrosupermercat.com\\\/#website\"},\"primaryImageOfPage\":{\"@id\":\"https:\\\/\\\/metrosupermercat.com\\\/#primaryimage\"},\"image\":{\"@id\":\"https:\\\/\\\/metrosupermercat.com\\\/#primaryimage\"},\"thumbnailUrl\":\"https:\\\/\\\/metrosupermercat.com\\\/wp-content\\\/uploads\\\/2026\\\/01\\\/2149002409-1024x682.jpg\",\"datePublished\":\"2026-01-28T09:42:46+00:00\",\"dateModified\":\"2026-02-05T23:47:01+00:00\",\"breadcrumb\":{\"@id\":\"https:\\\/\\\/metrosupermercat.com\\\/#breadcrumb\"},\"inLanguage\":\"ca\",\"potentialAction\":[{\"@type\":\"ReadAction\",\"target\":[\"https:\\\/\\\/metrosupermercat.com\\\/\"]}]},{\"@type\":\"ImageObject\",\"inLanguage\":\"ca\",\"@id\":\"https:\\\/\\\/metrosupermercat.com\\\/#primaryimage\",\"url\":\"https:\\\/\\\/metrosupermercat.com\\\/wp-content\\\/uploads\\\/2026\\\/01\\\/2149002409-1024x682.jpg\",\"contentUrl\":\"https:\\\/\\\/metrosupermercat.com\\\/wp-content\\\/uploads\\\/2026\\\/01\\\/2149002409-1024x682.jpg\"},{\"@type\":\"BreadcrumbList\",\"@id\":\"https:\\\/\\\/metrosupermercat.com\\\/#breadcrumb\",\"itemListElement\":[{\"@type\":\"ListItem\",\"position\":1,\"name\":\"Portada\",\"item\":\"https:\\\/\\\/metrosupermercat.com\\\/\"},{\"@type\":\"ListItem\",\"position\":2,\"name\":\"Inicio\"}]},{\"@type\":\"WebSite\",\"@id\":\"https:\\\/\\\/metrosupermercat.com\\\/#website\",\"url\":\"https:\\\/\\\/metrosupermercat.com\\\/\",\"name\":\"Metro Supercat\",\"description\":\"\",\"publisher\":{\"@id\":\"https:\\\/\\\/metrosupermercat.com\\\/#organization\"},\"potentialAction\":[{\"@type\":\"SearchAction\",\"target\":{\"@type\":\"EntryPoint\",\"urlTemplate\":\"https:\\\/\\\/metrosupermercat.com\\\/?s={search_term_string}\"},\"query-input\":{\"@type\":\"PropertyValueSpecification\",\"valueRequired\":true,\"valueName\":\"search_term_string\"}}],\"inLanguage\":\"ca\"},{\"@type\":\"Organization\",\"@id\":\"https:\\\/\\\/metrosupermercat.com\\\/#organization\",\"name\":\"Metro Supercat\",\"url\":\"https:\\\/\\\/metrosupermercat.com\\\/\",\"logo\":{\"@type\":\"ImageObject\",\"inLanguage\":\"ca\",\"@id\":\"https:\\\/\\\/metrosupermercat.com\\\/#\\\/schema\\\/logo\\\/image\\\/\",\"url\":\"https:\\\/\\\/metrosupermercat.com\\\/wp-content\\\/uploads\\\/2026\\\/01\\\/metrosupermercat202512_logo_web.png\",\"contentUrl\":\"https:\\\/\\\/metrosupermercat.com\\\/wp-content\\\/uploads\\\/2026\\\/01\\\/metrosupermercat202512_logo_web.png\",\"width\":1080,\"height\":946,\"caption\":\"Metro Supercat\"},\"image\":{\"@id\":\"https:\\\/\\\/metrosupermercat.com\\\/#\\\/schema\\\/logo\\\/image\\\/\"}}]}<\/script>\n<!-- \/ Yoast SEO plugin. -->","yoast_head_json":{"title":"Inicio - Metro Supercat","robots":{"index":"index","follow":"follow","max-snippet":"max-snippet:-1","max-image-preview":"max-image-preview:large","max-video-preview":"max-video-preview:-1"},"canonical":"https:\/\/metrosupermercat.com\/ca\/","og_locale":"ca_ES","og_type":"article","og_title":"Inicio - Metro Supercat","og_description":"Metro Supermercat Sobre nosotros En Metro Supercat llevamos m\u00e1s de 3 a\u00f1os ofreciendo a nuestra comunidad una amplia variedad de productos de alimentaci\u00f3n y frutas frescas. Desde snacks dulces y salados hasta bebidas refrescantes, tenemos todo lo que necesitas para disfrutar de tus antojos y satisfacer tu apetito en cualquier momento. Nos apasiona brindar productos [&hellip;]","og_url":"https:\/\/metrosupermercat.com\/ca\/","og_site_name":"Metro Supercat","article_modified_time":"2026-02-05T23:47:01+00:00","og_image":[{"width":2000,"height":1333,"url":"https:\/\/metrosupermercat.com\/wp-content\/uploads\/2026\/01\/2149002409.jpg","type":"image\/jpeg"}],"twitter_card":"summary_large_image","twitter_misc":{"Temps estimat de lectura":"1 minut"},"schema":{"@context":"https:\/\/schema.org","@graph":[{"@type":"WebPage","@id":"https:\/\/metrosupermercat.com\/","url":"https:\/\/metrosupermercat.com\/","name":"Inicio - Metro Supercat","isPartOf":{"@id":"https:\/\/metrosupermercat.com\/#website"},"primaryImageOfPage":{"@id":"https:\/\/metrosupermercat.com\/#primaryimage"},"image":{"@id":"https:\/\/metrosupermercat.com\/#primaryimage"},"thumbnailUrl":"https:\/\/metrosupermercat.com\/wp-content\/uploads\/2026\/01\/2149002409-1024x682.jpg","datePublished":"2026-01-28T09:42:46+00:00","dateModified":"2026-02-05T23:47:01+00:00","breadcrumb":{"@id":"https:\/\/metrosupermercat.com\/#breadcrumb"},"inLanguage":"ca","potentialAction":[{"@type":"ReadAction","target":["https:\/\/metrosupermercat.com\/"]}]},{"@type":"ImageObject","inLanguage":"ca","@id":"https:\/\/metrosupermercat.com\/#primaryimage","url":"https:\/\/metrosupermercat.com\/wp-content\/uploads\/2026\/01\/2149002409-1024x682.jpg","contentUrl":"https:\/\/metrosupermercat.com\/wp-content\/uploads\/2026\/01\/2149002409-1024x682.jpg"},{"@type":"BreadcrumbList","@id":"https:\/\/metrosupermercat.com\/#breadcrumb","itemListElement":[{"@type":"ListItem","position":1,"name":"Portada","item":"https:\/\/metrosupermercat.com\/"},{"@type":"ListItem","position":2,"name":"Inicio"}]},{"@type":"WebSite","@id":"https:\/\/metrosupermercat.com\/#website","url":"https:\/\/metrosupermercat.com\/","name":"Metro Supercat","description":"","publisher":{"@id":"https:\/\/metrosupermercat.com\/#organization"},"potentialAction":[{"@type":"SearchAction","target":{"@type":"EntryPoint","urlTemplate":"https:\/\/metrosupermercat.com\/?s={search_term_string}"},"query-input":{"@type":"PropertyValueSpecification","valueRequired":true,"valueName":"search_term_string"}}],"inLanguage":"ca"},{"@type":"Organization","@id":"https:\/\/metrosupermercat.com\/#organization","name":"Metro Supercat","url":"https:\/\/metrosupermercat.com\/","logo":{"@type":"ImageObject","inLanguage":"ca","@id":"https:\/\/metrosupermercat.com\/#\/schema\/logo\/image\/","url":"https:\/\/metrosupermercat.com\/wp-content\/uploads\/2026\/01\/metrosupermercat202512_logo_web.png","contentUrl":"https:\/\/metrosupermercat.com\/wp-content\/uploads\/2026\/01\/metrosupermercat202512_logo_web.png","width":1080,"height":946,"caption":"Metro Supercat"},"image":{"@id":"https:\/\/metrosupermercat.com\/#\/schema\/logo\/image\/"}}]}},"_links":{"self":[{"href":"https:\/\/metrosupermercat.com\/ca\/wp-json\/wp\/v2\/pages\/2","targetHints":{"allow":["GET"]}}],"collection":[{"href":"https:\/\/metrosupermercat.com\/ca\/wp-json\/wp\/v2\/pages"}],"about":[{"href":"https:\/\/metrosupermercat.com\/ca\/wp-json\/wp\/v2\/types\/page"}],"author":[{"embeddable":true,"href":"https:\/\/metrosupermercat.com\/ca\/wp-json\/wp\/v2\/users\/1"}],"replies":[{"embeddable":true,"href":"https:\/\/metrosupermercat.com\/ca\/wp-json\/wp\/v2\/comments?post=2"}],"version-history":[{"count":37,"href":"https:\/\/metrosupermercat.com\/ca\/wp-json\/wp\/v2\/pages\/2\/revisions"}],"predecessor-version":[{"id":279,"href":"https:\/\/metrosupermercat.com\/ca\/wp-json\/wp\/v2\/pages\/2\/revisions\/279"}],"wp:attachment":[{"href":"https:\/\/metrosupermercat.com\/ca\/wp-json\/wp\/v2\/media?parent=2"}],"curies":[{"name":"wp","href":"https:\/\/api.w.org\/{rel}","templated":true}]}}